{"id":26,"date":"2020-11-19T16:45:57","date_gmt":"2020-11-19T16:45:57","guid":{"rendered":"http:\/\/www.catarinacorreiamartinsosteopata.pt\/wp\/?page_id=26"},"modified":"2024-03-11T23:21:24","modified_gmt":"2024-03-11T23:21:24","slug":"tecnicas","status":"publish","type":"page","link":"https:\/\/www.catarinacorreiamartinsosteopata.pt\/?page_id=26","title":{"rendered":"T\u00e9cnicas"},"content":{"rendered":"\t\t<div data-elementor-type=\"wp-page\" data-elementor-id=\"26\" class=\"elementor elementor-26\">\n\t\t\t\t\t\t<section class=\"elementor-section elementor-top-section elementor-element elementor-element-87b7721 elementor-section-boxed elementor-section-height-default elementor-section-height-default\" data-id=\"87b7721\" data-element_type=\"section\">\n\t\t\t\t\t\t<div class=\"elementor-container elementor-column-gap-default\">\n\t\t\t\t\t<div class=\"elementor-column elementor-col-100 elementor-top-column elementor-element elementor-element-425551f\" data-id=\"425551f\" data-element_type=\"column\">\n\t\t\t<div class=\"elementor-widget-wrap elementor-element-populated\">\n\t\t\t\t\t\t<div class=\"elementor-element elementor-element-b135c7a elementor-arrows-position-inside elementor-pagination-position-outside elementor-widget elementor-widget-image-carousel\" data-id=\"b135c7a\" data-element_type=\"widget\" data-settings=\"{&quot;slides_to_show&quot;:&quot;4&quot;,&quot;navigation&quot;:&quot;both&quot;,&quot;autoplay&quot;:&quot;yes&quot;,&quot;pause_on_hover&quot;:&quot;yes&quot;,&quot;pause_on_interaction&quot;:&quot;yes&quot;,&quot;autoplay_speed&quot;:5000,&quot;infinite&quot;:&quot;yes&quot;,&quot;speed&quot;:500}\" data-widget_type=\"image-carousel.default\">\n\t\t\t\t<div class=\"elementor-widget-container\">\n\t\t\t\t\t\t\t<div class=\"elementor-image-carousel-wrapper swiper\" role=\"region\" aria-roledescription=\"carousel\" aria-label=\"Carrossel de imagens\" dir=\"ltr\">\n\t\t\t<div class=\"elementor-image-carousel swiper-wrapper\" aria-live=\"off\">\n\t\t\t\t\t\t\t\t<div class=\"swiper-slide\" role=\"group\" aria-roledescription=\"slide\" aria-label=\"1 of 4\"><figure class=\"swiper-slide-inner\"><img decoding=\"async\" class=\"swiper-slide-image\" src=\"https:\/\/www.catarinacorreiamartinsosteopata.pt\/wp-content\/uploads\/2024\/01\/IMG_6100-225x300.jpg\" alt=\"IMG_6100\" \/><\/figure><\/div><div class=\"swiper-slide\" role=\"group\" aria-roledescription=\"slide\" aria-label=\"2 of 4\"><figure class=\"swiper-slide-inner\"><img decoding=\"async\" class=\"swiper-slide-image\" src=\"https:\/\/www.catarinacorreiamartinsosteopata.pt\/wp-content\/uploads\/2024\/01\/IMG_6119-225x300.jpg\" alt=\"IMG_6119\" \/><\/figure><\/div><div class=\"swiper-slide\" role=\"group\" aria-roledescription=\"slide\" aria-label=\"3 of 4\"><figure class=\"swiper-slide-inner\"><img decoding=\"async\" class=\"swiper-slide-image\" src=\"https:\/\/www.catarinacorreiamartinsosteopata.pt\/wp-content\/uploads\/2024\/01\/IMG_6180-169x300.jpg\" alt=\"IMG_6180\" \/><\/figure><\/div><div class=\"swiper-slide\" role=\"group\" aria-roledescription=\"slide\" aria-label=\"4 of 4\"><figure class=\"swiper-slide-inner\"><img decoding=\"async\" class=\"swiper-slide-image\" src=\"https:\/\/www.catarinacorreiamartinsosteopata.pt\/wp-content\/uploads\/2024\/01\/IMG_6199-225x300.jpg\" alt=\"IMG_6199\" \/><\/figure><\/div>\t\t\t<\/div>\n\t\t\t\t\t\t\t\t\t\t\t\t<div class=\"elementor-swiper-button elementor-swiper-button-prev\" role=\"button\" tabindex=\"0\">\n\t\t\t\t\t\t<i aria-hidden=\"true\" class=\"eicon-chevron-left\"><\/i>\t\t\t\t\t<\/div>\n\t\t\t\t\t<div class=\"elementor-swiper-button elementor-swiper-button-next\" role=\"button\" tabindex=\"0\">\n\t\t\t\t\t\t<i aria-hidden=\"true\" class=\"eicon-chevron-right\"><\/i>\t\t\t\t\t<\/div>\n\t\t\t\t\n\t\t\t\t\t\t\t\t\t<div class=\"swiper-pagination\"><\/div>\n\t\t\t\t\t\t\t\t\t<\/div>\n\t\t\t\t\t\t<\/div>\n\t\t\t\t<\/div>\n\t\t\t\t\t<\/div>\n\t\t<\/div>\n\t\t\t\t\t<\/div>\n\t\t<\/section>\n\t\t\t\t<section class=\"elementor-section elementor-top-section elementor-element elementor-element-2d8745d elementor-section-boxed elementor-section-height-default elementor-section-height-default\" data-id=\"2d8745d\" data-element_type=\"section\">\n\t\t\t\t\t\t<div class=\"elementor-container elementor-column-gap-default\">\n\t\t\t\t\t<div class=\"elementor-column elementor-col-100 elementor-top-column elementor-element elementor-element-5317c2a\" data-id=\"5317c2a\" data-element_type=\"column\">\n\t\t\t<div class=\"elementor-widget-wrap elementor-element-populated\">\n\t\t\t\t\t\t\t<\/div>\n\t\t<\/div>\n\t\t\t\t\t<\/div>\n\t\t<\/section>\n\t\t\t\t<section class=\"elementor-section elementor-top-section elementor-element elementor-element-2b4487b elementor-section-boxed elementor-section-height-default elementor-section-height-default\" data-id=\"2b4487b\" data-element_type=\"section\">\n\t\t\t\t\t\t<div class=\"elementor-container elementor-column-gap-default\">\n\t\t\t\t\t<div class=\"elementor-column elementor-col-100 elementor-top-column elementor-element elementor-element-93eb94f\" data-id=\"93eb94f\" data-element_type=\"column\">\n\t\t\t<div class=\"elementor-widget-wrap elementor-element-populated\">\n\t\t\t\t\t\t<div class=\"elementor-element elementor-element-263a5e5 elementor-widget elementor-widget-text-editor\" data-id=\"263a5e5\" data-element_type=\"widget\" data-widget_type=\"text-editor.default\">\n\t\t\t\t<div class=\"elementor-widget-container\">\n\t\t\t\t\t\t\t\t\t<p>O Osteopata, ap\u00f3s obter uma detalhada hist\u00f3ria cl\u00ednica, observa detalhadamente as altera\u00e7\u00f5es f\u00edsicas que o doente apresenta e,<\/p><p>com o apoio de testes espec\u00edficos, decide qual o tratamento adequado.<span class=\"Apple-converted-space\">\u00a0<\/span><\/p><p>Para uma melhor compreens\u00e3o do estado de sa\u00fade do doente, o Osteopata necessita de interpretar os exames complementares de diagn\u00f3stico,<\/p><p>como RX, RAC, Resson\u00e2ncias Mangn\u00e9ticas ou An\u00e1lises Cl\u00ednicas.<\/p><p>As t\u00e9cnicas mais frequentemente utilizadas s\u00e3o:<\/p><p>Manipula\u00e7\u00e3o da coluna vertebral e das restantes articula\u00e7\u00f5es | \u201cDry Needling\u201d &#8211; t\u00e9cnica de acupuntura usada por osteopatas em patologias espec\u00edficas<\/p><p>Os tratamentos s\u00e3o efetuados num curto espa\u00e7o de tempo com \u00f3ptimos resultados, sendo em<\/p><p>m\u00e9dia necess\u00e1rios quatro a cinco tratamentos.<\/p>\t\t\t\t\t\t\t\t<\/div>\n\t\t\t\t<\/div>\n\t\t\t\t\t<\/div>\n\t\t<\/div>\n\t\t\t\t\t<\/div>\n\t\t<\/section>\n\t\t\t\t<section class=\"elementor-section elementor-top-section elementor-element elementor-element-14353f9 elementor-section-boxed elementor-section-height-default elementor-section-height-default\" data-id=\"14353f9\" data-element_type=\"section\">\n\t\t\t\t\t\t<div class=\"elementor-container elementor-column-gap-default\">\n\t\t\t\t\t<div class=\"elementor-column elementor-col-100 elementor-top-column elementor-element elementor-element-ec62ba4\" data-id=\"ec62ba4\" data-element_type=\"column\">\n\t\t\t<div class=\"elementor-widget-wrap\">\n\t\t\t\t\t\t\t<\/div>\n\t\t<\/div>\n\t\t\t\t\t<\/div>\n\t\t<\/section>\n\t\t\t\t<\/div>\n\t\t","protected":false},"excerpt":{"rendered":"<p>Anterior Seguinte O Osteopata, ap\u00f3s obter uma detalhada hist\u00f3ria cl\u00ednica, observa detalhadamente as altera\u00e7\u00f5es f\u00edsicas que o doente apresenta e, com o apoio de testes espec\u00edficos, decide qual o tratamento adequado.\u00a0 Para uma melhor compreens\u00e3o do estado de sa\u00fade do doente, o Osteopata necessita de interpretar os exames complementares de diagn\u00f3stico, como RX, RAC, Resson\u00e2ncias [&hellip;]<\/p>\n","protected":false},"author":1,"featured_media":0,"parent":0,"menu_order":0,"comment_status":"closed","ping_status":"closed","template":"","meta":{"footnotes":""},"_links":{"self":[{"href":"https:\/\/www.catarinacorreiamartinsosteopata.pt\/index.php?rest_route=\/wp\/v2\/pages\/26"}],"collection":[{"href":"https:\/\/www.catarinacorreiamartinsosteopata.pt\/index.php?rest_route=\/wp\/v2\/pages"}],"about":[{"href":"https:\/\/www.catarinacorreiamartinsosteopata.pt\/index.php?rest_route=\/wp\/v2\/types\/page"}],"author":[{"embeddable":true,"href":"https:\/\/www.catarinacorreiamartinsosteopata.pt\/index.php?rest_route=\/wp\/v2\/users\/1"}],"replies":[{"embeddable":true,"href":"https:\/\/www.catarinacorreiamartinsosteopata.pt\/index.php?rest_route=%2Fwp%2Fv2%2Fcomments&post=26"}],"version-history":[{"count":13,"href":"https:\/\/www.catarinacorreiamartinsosteopata.pt\/index.php?rest_route=\/wp\/v2\/pages\/26\/revisions"}],"predecessor-version":[{"id":348,"href":"https:\/\/www.catarinacorreiamartinsosteopata.pt\/index.php?rest_route=\/wp\/v2\/pages\/26\/revisions\/348"}],"wp:attachment":[{"href":"https:\/\/www.catarinacorreiamartinsosteopata.pt\/index.php?rest_route=%2Fwp%2Fv2%2Fmedia&parent=26"}],"curies":[{"name":"wp","href":"https:\/\/api.w.org\/{rel}","templated":true}]}}