{"id":28,"date":"2020-11-19T16:46:07","date_gmt":"2020-11-19T16:46:07","guid":{"rendered":"http:\/\/www.catarinacorreiamartinsosteopata.pt\/wp\/?page_id=28"},"modified":"2024-03-12T12:51:50","modified_gmt":"2024-03-12T12:51:50","slug":"patologias","status":"publish","type":"page","link":"https:\/\/www.catarinacorreiamartinsosteopata.pt\/?page_id=28","title":{"rendered":"Patologias"},"content":{"rendered":"\t\t<div data-elementor-type=\"wp-page\" data-elementor-id=\"28\" class=\"elementor elementor-28\">\n\t\t\t\t\t\t<section class=\"elementor-section elementor-top-section elementor-element elementor-element-5fd29ae1 elementor-section-boxed elementor-section-height-default elementor-section-height-default\" data-id=\"5fd29ae1\" data-element_type=\"section\">\n\t\t\t\t\t\t<div class=\"elementor-container elementor-column-gap-default\">\n\t\t\t\t\t<div class=\"elementor-column elementor-col-100 elementor-top-column elementor-element elementor-element-4992f8e3\" data-id=\"4992f8e3\" data-element_type=\"column\">\n\t\t\t<div class=\"elementor-widget-wrap elementor-element-populated\">\n\t\t\t\t\t\t<div class=\"elementor-element elementor-element-59b077fb elementor-widget elementor-widget-text-editor\" data-id=\"59b077fb\" data-element_type=\"widget\" data-widget_type=\"text-editor.default\">\n\t\t\t\t<div class=\"elementor-widget-container\">\n\t\t\t\t\t\t\t\t\t<h5 style=\"padding-left: 40px; text-align: left;\"><span style=\"color: #00ccff;\">As patologias mais frequentemente tratadas s\u00e3o:<\/span><\/h5><p style=\"padding-left: 40px;\"><span style=\"color: #808080;\">Cervicalgias e Torcicolos<\/span><\/p><p style=\"padding-left: 40px;\"><span style=\"color: #808080;\">Lombalgias p\u00f3s esfor\u00e7o e do motorista<\/span><\/p><p style=\"padding-left: 40px;\"><span style=\"color: #808080;\">Lombalgias e dorsalgias da gr\u00e1vida<\/span><\/p><p style=\"padding-left: 40px;\"><span style=\"color: #808080;\">Ombro doloroso<\/span><\/p><p style=\"padding-left: 40px;\"><span style=\"color: #808080;\">Enxaquecas e Cefaleias de Tens\u00e3o<\/span><\/p><p style=\"padding-left: 40px;\"><span style=\"color: #808080;\">Cotovelo do tenista e do golfista<\/span><\/p><p style=\"padding-left: 40px;\"><span style=\"color: #808080;\">Les\u00f5es repetitivas de esfor\u00e7o (punho da dactilografa, tendinites, etc.)<\/span><\/p>\t\t\t\t\t\t\t\t<\/div>\n\t\t\t\t<\/div>\n\t\t\t\t\t<\/div>\n\t\t<\/div>\n\t\t\t\t\t<\/div>\n\t\t<\/section>\n\t\t\t\t<\/div>\n\t\t","protected":false},"excerpt":{"rendered":"<p>As patologias mais frequentemente tratadas s\u00e3o: Cervicalgias e Torcicolos Lombalgias p\u00f3s esfor\u00e7o e do motorista Lombalgias e dorsalgias da gr\u00e1vida Ombro doloroso Enxaquecas e Cefaleias de Tens\u00e3o Cotovelo do tenista e do golfista Les\u00f5es repetitivas de esfor\u00e7o (punho da dactilografa, tendinites, etc.)<\/p>\n","protected":false},"author":1,"featured_media":153,"parent":0,"menu_order":0,"comment_status":"closed","ping_status":"closed","template":"","meta":{"footnotes":""},"_links":{"self":[{"href":"https:\/\/www.catarinacorreiamartinsosteopata.pt\/index.php?rest_route=\/wp\/v2\/pages\/28"}],"collection":[{"href":"https:\/\/www.catarinacorreiamartinsosteopata.pt\/index.php?rest_route=\/wp\/v2\/pages"}],"about":[{"href":"https:\/\/www.catarinacorreiamartinsosteopata.pt\/index.php?rest_route=\/wp\/v2\/types\/page"}],"author":[{"embeddable":true,"href":"https:\/\/www.catarinacorreiamartinsosteopata.pt\/index.php?rest_route=\/wp\/v2\/users\/1"}],"replies":[{"embeddable":true,"href":"https:\/\/www.catarinacorreiamartinsosteopata.pt\/index.php?rest_route=%2Fwp%2Fv2%2Fcomments&post=28"}],"version-history":[{"count":16,"href":"https:\/\/www.catarinacorreiamartinsosteopata.pt\/index.php?rest_route=\/wp\/v2\/pages\/28\/revisions"}],"predecessor-version":[{"id":382,"href":"https:\/\/www.catarinacorreiamartinsosteopata.pt\/index.php?rest_route=\/wp\/v2\/pages\/28\/revisions\/382"}],"wp:featuredmedia":[{"embeddable":true,"href":"https:\/\/www.catarinacorreiamartinsosteopata.pt\/index.php?rest_route=\/wp\/v2\/media\/153"}],"wp:attachment":[{"href":"https:\/\/www.catarinacorreiamartinsosteopata.pt\/index.php?rest_route=%2Fwp%2Fv2%2Fmedia&parent=28"}],"curies":[{"name":"wp","href":"https:\/\/api.w.org\/{rel}","templated":true}]}}