{"id":5,"date":"2020-11-19T16:33:41","date_gmt":"2020-11-19T16:33:41","guid":{"rendered":"http:\/\/www.catarinacorreiamartinsosteopata.pt\/wp\/?page_id=5"},"modified":"2024-03-12T16:01:12","modified_gmt":"2024-03-12T16:01:12","slug":"catarina-correia-martins","status":"publish","type":"page","link":"https:\/\/www.catarinacorreiamartinsosteopata.pt\/","title":{"rendered":"Catarina Correia Martins"},"content":{"rendered":"\t\t<div data-elementor-type=\"wp-page\" data-elementor-id=\"5\" class=\"elementor elementor-5\">\n\t\t\t\t\t\t<section class=\"elementor-section elementor-top-section elementor-element elementor-element-940b0f1 elementor-section-boxed elementor-section-height-default elementor-section-height-default\" data-id=\"940b0f1\" data-element_type=\"section\">\n\t\t\t\t\t\t<div class=\"elementor-container elementor-column-gap-default\">\n\t\t\t\t\t<div class=\"elementor-column elementor-col-100 elementor-top-column elementor-element elementor-element-8251a6c\" data-id=\"8251a6c\" data-element_type=\"column\">\n\t\t\t<div class=\"elementor-widget-wrap elementor-element-populated\">\n\t\t\t\t\t\t<div class=\"elementor-element elementor-element-81d82a6 elementor-widget elementor-widget-image\" data-id=\"81d82a6\" data-element_type=\"widget\" data-widget_type=\"image.default\">\n\t\t\t\t<div class=\"elementor-widget-container\">\n\t\t\t\t\t\t\t\t\t\t\t\t\t\t\t<img fetchpriority=\"high\" decoding=\"async\" width=\"1024\" height=\"576\" src=\"https:\/\/www.catarinacorreiamartinsosteopata.pt\/wp-content\/uploads\/2020\/11\/cropped-987-1024x576.jpg\" class=\"attachment-large size-large wp-image-41\" alt=\"\" srcset=\"https:\/\/www.catarinacorreiamartinsosteopata.pt\/wp-content\/uploads\/2020\/11\/cropped-987-1024x576.jpg 1024w, https:\/\/www.catarinacorreiamartinsosteopata.pt\/wp-content\/uploads\/2020\/11\/cropped-987-300x169.jpg 300w, https:\/\/www.catarinacorreiamartinsosteopata.pt\/wp-content\/uploads\/2020\/11\/cropped-987-768x432.jpg 768w, https:\/\/www.catarinacorreiamartinsosteopata.pt\/wp-content\/uploads\/2020\/11\/cropped-987-1536x864.jpg 1536w, https:\/\/www.catarinacorreiamartinsosteopata.pt\/wp-content\/uploads\/2020\/11\/cropped-987-400x225.jpg 400w, https:\/\/www.catarinacorreiamartinsosteopata.pt\/wp-content\/uploads\/2020\/11\/cropped-987.jpg 1920w\" sizes=\"(max-width: 1024px) 100vw, 1024px\" \/>\t\t\t\t\t\t\t\t\t\t\t\t\t\t\t<\/div>\n\t\t\t\t<\/div>\n\t\t\t\t\t<\/div>\n\t\t<\/div>\n\t\t\t\t\t<\/div>\n\t\t<\/section>\n\t\t\t\t<section class=\"elementor-section elementor-top-section elementor-element elementor-element-e960a07 elementor-section-boxed elementor-section-height-default elementor-section-height-default\" data-id=\"e960a07\" data-element_type=\"section\">\n\t\t\t\t\t\t<div class=\"elementor-container elementor-column-gap-default\">\n\t\t\t\t\t<div class=\"elementor-column elementor-col-100 elementor-top-column elementor-element elementor-element-9961633\" data-id=\"9961633\" data-element_type=\"column\">\n\t\t\t<div class=\"elementor-widget-wrap elementor-element-populated\">\n\t\t\t\t\t\t<div class=\"elementor-element elementor-element-4ead2c2 elementor-widget elementor-widget-text-editor\" data-id=\"4ead2c2\" data-element_type=\"widget\" data-widget_type=\"text-editor.default\">\n\t\t\t\t<div class=\"elementor-widget-container\">\n\t\t\t\t\t\t\t\t\t<h3>CURRICULUM VITAE<\/h3>\t\t\t\t\t\t\t\t<\/div>\n\t\t\t\t<\/div>\n\t\t\t\t\t<\/div>\n\t\t<\/div>\n\t\t\t\t\t<\/div>\n\t\t<\/section>\n\t\t\t\t<section class=\"elementor-section elementor-top-section elementor-element elementor-element-e9aec34 elementor-section-boxed elementor-section-height-default elementor-section-height-default\" data-id=\"e9aec34\" data-element_type=\"section\">\n\t\t\t\t\t\t<div class=\"elementor-container elementor-column-gap-default\">\n\t\t\t\t\t<div class=\"elementor-column elementor-col-100 elementor-top-column elementor-element elementor-element-d9956e7\" data-id=\"d9956e7\" data-element_type=\"column\">\n\t\t\t<div class=\"elementor-widget-wrap elementor-element-populated\">\n\t\t\t\t\t\t<div class=\"elementor-element elementor-element-0afe896 elementor-widget-divider--view-line elementor-widget elementor-widget-divider\" data-id=\"0afe896\" data-element_type=\"widget\" data-widget_type=\"divider.default\">\n\t\t\t\t<div class=\"elementor-widget-container\">\n\t\t\t\t\t\t\t<div class=\"elementor-divider\">\n\t\t\t<span class=\"elementor-divider-separator\">\n\t\t\t\t\t\t<\/span>\n\t\t<\/div>\n\t\t\t\t\t\t<\/div>\n\t\t\t\t<\/div>\n\t\t\t\t\t<\/div>\n\t\t<\/div>\n\t\t\t\t\t<\/div>\n\t\t<\/section>\n\t\t\t\t<section class=\"elementor-section elementor-top-section elementor-element elementor-element-8e6b273 elementor-section-boxed elementor-section-height-default elementor-section-height-default\" data-id=\"8e6b273\" data-element_type=\"section\">\n\t\t\t\t\t\t<div class=\"elementor-container elementor-column-gap-default\">\n\t\t\t\t\t<div class=\"elementor-column elementor-col-100 elementor-top-column elementor-element elementor-element-b974fef\" data-id=\"b974fef\" data-element_type=\"column\">\n\t\t\t<div class=\"elementor-widget-wrap elementor-element-populated\">\n\t\t\t\t\t\t<div class=\"elementor-element elementor-element-edae470 elementor-widget elementor-widget-text-editor\" data-id=\"edae470\" data-element_type=\"widget\" data-widget_type=\"text-editor.default\">\n\t\t\t\t<div class=\"elementor-widget-container\">\n\t\t\t\t\t\t\t\t\t<h4>\u00c1reas<b> de diferencia\u00e7\u00e3o<\/b><\/h4><p><strong>Osteopatia Cranial\u00a0<\/strong> ( ansiedade, cervicalgias, cefaleias , VPPB , zumbido , n\u00e1useas , atm )\u00a0<\/p><p><strong>Osteopatia na Mulher<\/strong>, Gravidez e P\u00f3s parto ( lombalgociatalgias, sacarlagias, pubalgias , dorsalgias p\u00f3s parto , n\u00e1useas , obstipa\u00e7\u00e3o )\u00a0<\/p><p><strong>Osteopatia Pedi\u00e1trica<\/strong> ( deformidades cranianas , trocicolos , refluxo , altera\u00e7\u00f5es ciclo sono )\u00a0<\/p><p><strong>Osteopatia Visceral<\/strong> ( azia , obstipa\u00e7\u00e3o, refluxo )\u00a0<\/p>\t\t\t\t\t\t\t\t<\/div>\n\t\t\t\t<\/div>\n\t\t\t\t\t<\/div>\n\t\t<\/div>\n\t\t\t\t\t<\/div>\n\t\t<\/section>\n\t\t\t\t<section class=\"elementor-section elementor-top-section elementor-element elementor-element-c504a31 elementor-section-boxed elementor-section-height-default elementor-section-height-default\" data-id=\"c504a31\" data-element_type=\"section\">\n\t\t\t\t\t\t<div class=\"elementor-container elementor-column-gap-default\">\n\t\t\t\t\t<div class=\"elementor-column elementor-col-100 elementor-top-column elementor-element elementor-element-4f35ef8\" data-id=\"4f35ef8\" data-element_type=\"column\">\n\t\t\t<div class=\"elementor-widget-wrap elementor-element-populated\">\n\t\t\t\t\t\t<div class=\"elementor-element elementor-element-3400cfb elementor-widget-divider--view-line elementor-widget elementor-widget-divider\" data-id=\"3400cfb\" data-element_type=\"widget\" data-widget_type=\"divider.default\">\n\t\t\t\t<div class=\"elementor-widget-container\">\n\t\t\t\t\t\t\t<div class=\"elementor-divider\">\n\t\t\t<span class=\"elementor-divider-separator\">\n\t\t\t\t\t\t<\/span>\n\t\t<\/div>\n\t\t\t\t\t\t<\/div>\n\t\t\t\t<\/div>\n\t\t\t\t\t<\/div>\n\t\t<\/div>\n\t\t\t\t\t<\/div>\n\t\t<\/section>\n\t\t\t\t<section class=\"elementor-section elementor-top-section elementor-element elementor-element-a56092e elementor-section-boxed elementor-section-height-default elementor-section-height-default\" data-id=\"a56092e\" data-element_type=\"section\">\n\t\t\t\t\t\t<div class=\"elementor-container elementor-column-gap-default\">\n\t\t\t\t\t<div class=\"elementor-column elementor-col-100 elementor-top-column elementor-element elementor-element-fc6a0b5\" data-id=\"fc6a0b5\" data-element_type=\"column\">\n\t\t\t<div class=\"elementor-widget-wrap elementor-element-populated\">\n\t\t\t\t\t\t<div class=\"elementor-element elementor-element-ae2dc7b elementor-widget elementor-widget-text-editor\" data-id=\"ae2dc7b\" data-element_type=\"widget\" data-widget_type=\"text-editor.default\">\n\t\t\t\t<div class=\"elementor-widget-container\">\n\t\t\t\t\t\t\t\t\t<h4><b>Forma\u00e7\u00e3o acad\u00e9mica<\/b><\/h4><p><strong>1994 &#8211; 1997<\/strong> -Bacharelato em Fisioterapia pela Escola Superior de Tecnologia de Saude de Coimbra<\/p><p><strong>1998 -2002<\/strong> \u2013 Bsc (Hons ) em Osteopatia &#8211; Licenciatura em Osteopatia pela British School of Osteopathy, actual University College of Osteopathy \u2013 Londres<\/p><p><strong>2007-2008<\/strong> &#8211; Pos gradua\u00e7\u00e3o em Osteopatia Cl\u00e1ssica pela John Werhman Institute of Classical Osteopathy &#8211; Maidston \u2013 UK<\/p><p><strong>2015-2016<\/strong> &#8211; P\u00f3s gradua\u00e7\u00e3o em Neurobiolog\u00eda de las funciones del Sistema Nervioso Aut\u00f3nomo y Dolor &#8211; Wilfrid J\u00e4nig &#8211; Escola de Osteopatia da Corunha<\/p>\t\t\t\t\t\t\t\t<\/div>\n\t\t\t\t<\/div>\n\t\t\t\t\t<\/div>\n\t\t<\/div>\n\t\t\t\t\t<\/div>\n\t\t<\/section>\n\t\t\t\t<section class=\"elementor-section elementor-top-section elementor-element elementor-element-4911a16 elementor-section-boxed elementor-section-height-default elementor-section-height-default\" data-id=\"4911a16\" data-element_type=\"section\">\n\t\t\t\t\t\t<div class=\"elementor-container elementor-column-gap-default\">\n\t\t\t\t\t<div class=\"elementor-column elementor-col-100 elementor-top-column elementor-element elementor-element-f00eeab\" data-id=\"f00eeab\" data-element_type=\"column\">\n\t\t\t<div class=\"elementor-widget-wrap elementor-element-populated\">\n\t\t\t\t\t\t<div class=\"elementor-element elementor-element-ee106fb elementor-widget-divider--view-line elementor-widget elementor-widget-divider\" data-id=\"ee106fb\" data-element_type=\"widget\" data-widget_type=\"divider.default\">\n\t\t\t\t<div class=\"elementor-widget-container\">\n\t\t\t\t\t\t\t<div class=\"elementor-divider\">\n\t\t\t<span class=\"elementor-divider-separator\">\n\t\t\t\t\t\t<\/span>\n\t\t<\/div>\n\t\t\t\t\t\t<\/div>\n\t\t\t\t<\/div>\n\t\t\t\t\t<\/div>\n\t\t<\/div>\n\t\t\t\t\t<\/div>\n\t\t<\/section>\n\t\t\t\t<section class=\"elementor-section elementor-top-section elementor-element elementor-element-eae50ef elementor-section-boxed elementor-section-height-default elementor-section-height-default\" data-id=\"eae50ef\" data-element_type=\"section\">\n\t\t\t\t\t\t<div class=\"elementor-container elementor-column-gap-default\">\n\t\t\t\t\t<div class=\"elementor-column elementor-col-100 elementor-top-column elementor-element elementor-element-b6e6131\" data-id=\"b6e6131\" data-element_type=\"column\">\n\t\t\t<div class=\"elementor-widget-wrap elementor-element-populated\">\n\t\t\t\t\t\t<div class=\"elementor-element elementor-element-d8b7994 elementor-widget elementor-widget-text-editor\" data-id=\"d8b7994\" data-element_type=\"widget\" data-widget_type=\"text-editor.default\">\n\t\t\t\t<div class=\"elementor-widget-container\">\n\t\t\t\t\t\t\t\t\t<h4><b>Atividade profissional<\/b><\/h4><p><strong>1997\/98<\/strong> Estagio Centro Hospitalar Vila Nova de Gaia ( Reabilita\u00e7\u00e3o Cardiaca)\u00a0<\/p><p><strong>1998<\/strong> Estagio Whitechapel Hospital ( Neurologia , metodo Bobath )<\/p><p><strong>1998<\/strong> Estagio Lister Hospital (Metodo Cyriax)\u00a0<\/p><p><strong>1998<\/strong>\u00a0 London Bridge Hospital ( Internamento p\u00f3s cirurgico)\u00a0<\/p><p><strong>1998<\/strong> St John \u00a7 St Elizabeth Hospital<\/p><p><strong>2002 &#8211; 2010<\/strong> Osteopata Oporto Medical Centre\u00a0<\/p><p><strong>2003<\/strong> &#8211; presente Hospital Privado da Trofa\u00a0<\/p><p><strong>2007-2008<\/strong> Clinica Parque da Cidade\u00a0<\/p><p><strong>2009 -2018<\/strong> Hospital de Dia de Famalic\u00e3o\u00a0<\/p><p><strong>2010 &#8211; 2013<\/strong> Clinica Ormasa\u00a0<\/p><p><strong>2011 -2019<\/strong> Hospital de Dia da Maia ;<\/p><p><strong>2011<\/strong> &#8211; presente Hospital Privado da Boa Nova ;<\/p><p><strong>2012<\/strong> &#8211; presente Clinica Ortop\u00e9dica Dr Correia Martins\u00a0<\/p><p><strong>2013<\/strong> &#8211; presente Casa de Sa\u00fade da Boavista<\/p><p><strong>2015<\/strong> &#8211; presente Hospital Privado de Gaia\u00a0<\/p><p><strong>2022<\/strong> &#8211; Orientadora de est\u00e1gios ciclos de Osteopatia<\/p>\t\t\t\t\t\t\t\t<\/div>\n\t\t\t\t<\/div>\n\t\t\t\t\t<\/div>\n\t\t<\/div>\n\t\t\t\t\t<\/div>\n\t\t<\/section>\n\t\t\t\t<section class=\"elementor-section elementor-top-section elementor-element elementor-element-ba9eb46 elementor-section-boxed elementor-section-height-default elementor-section-height-default\" data-id=\"ba9eb46\" data-element_type=\"section\">\n\t\t\t\t\t\t<div class=\"elementor-container elementor-column-gap-default\">\n\t\t\t\t\t<div class=\"elementor-column elementor-col-100 elementor-top-column elementor-element elementor-element-bea27f8\" data-id=\"bea27f8\" data-element_type=\"column\">\n\t\t\t<div class=\"elementor-widget-wrap elementor-element-populated\">\n\t\t\t\t\t\t<div class=\"elementor-element elementor-element-341897c elementor-widget-divider--view-line elementor-widget elementor-widget-divider\" data-id=\"341897c\" data-element_type=\"widget\" data-widget_type=\"divider.default\">\n\t\t\t\t<div class=\"elementor-widget-container\">\n\t\t\t\t\t\t\t<div class=\"elementor-divider\">\n\t\t\t<span class=\"elementor-divider-separator\">\n\t\t\t\t\t\t<\/span>\n\t\t<\/div>\n\t\t\t\t\t\t<\/div>\n\t\t\t\t<\/div>\n\t\t\t\t\t<\/div>\n\t\t<\/div>\n\t\t\t\t\t<\/div>\n\t\t<\/section>\n\t\t\t\t<section class=\"elementor-section elementor-top-section elementor-element elementor-element-4839aae elementor-section-boxed elementor-section-height-default elementor-section-height-default\" data-id=\"4839aae\" data-element_type=\"section\">\n\t\t\t\t\t\t<div class=\"elementor-container elementor-column-gap-default\">\n\t\t\t\t\t<div class=\"elementor-column elementor-col-100 elementor-top-column elementor-element elementor-element-7244f51\" data-id=\"7244f51\" data-element_type=\"column\">\n\t\t\t<div class=\"elementor-widget-wrap elementor-element-populated\">\n\t\t\t\t\t\t<div class=\"elementor-element elementor-element-0cf65b6 elementor-widget elementor-widget-text-editor\" data-id=\"0cf65b6\" data-element_type=\"widget\" data-widget_type=\"text-editor.default\">\n\t\t\t\t<div class=\"elementor-widget-container\">\n\t\t\t\t\t\t\t\t\t<h4><b>Actividade Cientifica\u00a0<\/b><\/h4><p><strong>1998<\/strong> &#8211; Metodo Cyriax em Ortopedia Modulo I &#8211; Society of Ortopaedic Medicine \u2013 Funchal<\/p><p><strong>\u00a02010<\/strong>\u00a0 Membro da Avalia\u00e7\u00e3o de Compet\u00eancias Profissionais e Auto Reguladoras na Osteopatia &#8211; Dr Graham Sharman\u00a0<\/p><p><strong>2015 &#8211; 2016<\/strong> Docente especializa\u00e7\u00e3o Osteopatia Pediatrica ITS &#8211; Instituto Tecnicas de Sa\u00fade\u00a0<\/p><p><strong>2016- 2019<\/strong> Docente Licenciatura em Osteopatia &#8211; Faculdade de Ci\u00eancias da Sa\u00fade Jean Piaget\u00a0 &#8211; Vila Nova de Gaia<\/p><p><strong>2017 &#8211; 2018<\/strong> Coordenadora 1\u00ba ciclo de estudos da Licenciatura em Osteopatia &#8211; Faculdade de Ci\u00eancias da Sa\u00fade Jean Piaget &#8211; Vila nova de Gaia<\/p>\t\t\t\t\t\t\t\t<\/div>\n\t\t\t\t<\/div>\n\t\t\t\t\t<\/div>\n\t\t<\/div>\n\t\t\t\t\t<\/div>\n\t\t<\/section>\n\t\t\t\t<section class=\"elementor-section elementor-top-section elementor-element elementor-element-26c90bc elementor-section-boxed elementor-section-height-default elementor-section-height-default\" data-id=\"26c90bc\" data-element_type=\"section\">\n\t\t\t\t\t\t<div class=\"elementor-container elementor-column-gap-default\">\n\t\t\t\t\t<div class=\"elementor-column elementor-col-100 elementor-top-column elementor-element elementor-element-d01e65f\" data-id=\"d01e65f\" data-element_type=\"column\">\n\t\t\t<div class=\"elementor-widget-wrap elementor-element-populated\">\n\t\t\t\t\t\t<div class=\"elementor-element elementor-element-0433926 elementor-widget-divider--view-line elementor-widget elementor-widget-divider\" data-id=\"0433926\" data-element_type=\"widget\" data-widget_type=\"divider.default\">\n\t\t\t\t<div class=\"elementor-widget-container\">\n\t\t\t\t\t\t\t<div class=\"elementor-divider\">\n\t\t\t<span class=\"elementor-divider-separator\">\n\t\t\t\t\t\t<\/span>\n\t\t<\/div>\n\t\t\t\t\t\t<\/div>\n\t\t\t\t<\/div>\n\t\t\t\t\t<\/div>\n\t\t<\/div>\n\t\t\t\t\t<\/div>\n\t\t<\/section>\n\t\t\t\t<section class=\"elementor-section elementor-top-section elementor-element elementor-element-d02a4de elementor-section-boxed elementor-section-height-default elementor-section-height-default\" data-id=\"d02a4de\" data-element_type=\"section\">\n\t\t\t\t\t\t<div class=\"elementor-container elementor-column-gap-default\">\n\t\t\t\t\t<div class=\"elementor-column elementor-col-100 elementor-top-column elementor-element elementor-element-f8bd32b\" data-id=\"f8bd32b\" data-element_type=\"column\">\n\t\t\t<div class=\"elementor-widget-wrap elementor-element-populated\">\n\t\t\t\t\t\t<div class=\"elementor-element elementor-element-a57b2ee elementor-widget elementor-widget-text-editor\" data-id=\"a57b2ee\" data-element_type=\"widget\" data-widget_type=\"text-editor.default\">\n\t\t\t\t<div class=\"elementor-widget-container\">\n\t\t\t\t\t\t\t\t\t<h4><b>Comunica\u00e7\u00f5es Orais\u00a0<\/b><\/h4><p><strong>2002<\/strong> &#8211; Osteopatia &#8211; O seu papel no tratamento de dores Lombares &#8211; 4\u00ba Curso de Patologias do R\u00e1quis &#8211; Hospital da Prelada\u00a0<\/p><p><strong>2004<\/strong> &#8211; Osteopatia na Mulher\u00a0 &#8211; Servi\u00e7o de Ginecologia e Obstetr\u00edcia &#8211; Hospital de S Jo\u00e3o\u00a0<\/p><p><strong>2005<\/strong> &#8211; Osteopatia na Sa\u00fade infantil &#8211; Jornadas Alternativas na Sa\u00fade Infantil &#8211; Instituto Portugu\u00eas da Juventude &#8211; Lisboa\u00a0<\/p><p><strong>2007 -2011<\/strong>\u00a0 Participa\u00e7\u00f5es semanais no Consult\u00f3rio Medico &#8211; Porto Canal\u00a0<\/p><p><strong>2008<\/strong> Lombalgia e Osteopatia no Desportista &#8211; II Conven\u00e7\u00e3o do Desporto na Sa\u00fade &#8211; Santo Tirso\u00a0<\/p><p><strong>2014<\/strong>\u00a0 Quando optar pela Osteopatia &#8211; Confer\u00eancia a Coluna Degenerativa &#8211; Hospital Privado da Trofa\u00a0<\/p><p><strong>2014<\/strong> Op\u00e7\u00f5es de Osteopatia &#8211; VI Reuni\u00e3o de Ortopedia &#8211; tratamento da dor lombar &#8211; Hospital Privado de Alfena\u00a0<\/p><p><strong>2014<\/strong> &#8211; Keep in Touch &#8211; 9 th YES Meeting &#8211; FMUP\u00a0<\/p><p><strong>2015<\/strong> &#8211; Osteopathy and Pregnancy &#8211; 10 th YES Meeting &#8211; FMUP\u00a0<\/p><p><strong>2016<\/strong> &#8211; Osteopathic Treatment on Asthma &#8211; Hands on experience &#8211; 11th YES Meeting &#8211; FMUP<\/p><p><strong>2016<\/strong> &#8211; Escolioses &#8211; 10\u00ba Encontro de Saude &#8211; Faculdade de Ci\u00eancias de Sa\u00fade Jean Piaget , Gaia<\/p>\t\t\t\t\t\t\t\t<\/div>\n\t\t\t\t<\/div>\n\t\t\t\t\t<\/div>\n\t\t<\/div>\n\t\t\t\t\t<\/div>\n\t\t<\/section>\n\t\t\t\t<\/div>\n\t\t","protected":false},"excerpt":{"rendered":"<p>CURRICULUM VITAE \u00c1reas de diferencia\u00e7\u00e3o Osteopatia Cranial\u00a0 ( ansiedade, cervicalgias, cefaleias , VPPB , zumbido , n\u00e1useas , atm )\u00a0 Osteopatia na Mulher, Gravidez e P\u00f3s parto ( lombalgociatalgias, sacarlagias, pubalgias , dorsalgias p\u00f3s parto , n\u00e1useas , obstipa\u00e7\u00e3o )\u00a0 Osteopatia Pedi\u00e1trica ( deformidades cranianas , trocicolos , refluxo , altera\u00e7\u00f5es ciclo sono )\u00a0 Osteopatia [&hellip;]<\/p>\n","protected":false},"author":1,"featured_media":39,"parent":0,"menu_order":0,"comment_status":"closed","ping_status":"closed","template":"","meta":{"footnotes":""},"_links":{"self":[{"href":"https:\/\/www.catarinacorreiamartinsosteopata.pt\/index.php?rest_route=\/wp\/v2\/pages\/5"}],"collection":[{"href":"https:\/\/www.catarinacorreiamartinsosteopata.pt\/index.php?rest_route=\/wp\/v2\/pages"}],"about":[{"href":"https:\/\/www.catarinacorreiamartinsosteopata.pt\/index.php?rest_route=\/wp\/v2\/types\/page"}],"author":[{"embeddable":true,"href":"https:\/\/www.catarinacorreiamartinsosteopata.pt\/index.php?rest_route=\/wp\/v2\/users\/1"}],"replies":[{"embeddable":true,"href":"https:\/\/www.catarinacorreiamartinsosteopata.pt\/index.php?rest_route=%2Fwp%2Fv2%2Fcomments&post=5"}],"version-history":[{"count":27,"href":"https:\/\/www.catarinacorreiamartinsosteopata.pt\/index.php?rest_route=\/wp\/v2\/pages\/5\/revisions"}],"predecessor-version":[{"id":389,"href":"https:\/\/www.catarinacorreiamartinsosteopata.pt\/index.php?rest_route=\/wp\/v2\/pages\/5\/revisions\/389"}],"wp:featuredmedia":[{"embeddable":true,"href":"https:\/\/www.catarinacorreiamartinsosteopata.pt\/index.php?rest_route=\/wp\/v2\/media\/39"}],"wp:attachment":[{"href":"https:\/\/www.catarinacorreiamartinsosteopata.pt\/index.php?rest_route=%2Fwp%2Fv2%2Fmedia&parent=5"}],"curies":[{"name":"wp","href":"https:\/\/api.w.org\/{rel}","templated":true}]}}