{"id":7,"date":"2020-11-19T16:34:40","date_gmt":"2020-11-19T16:34:40","guid":{"rendered":"http:\/\/www.catarinacorreiamartinsosteopata.pt\/wp\/?page_id=7"},"modified":"2024-03-13T19:43:58","modified_gmt":"2024-03-13T19:43:58","slug":"osteopatia","status":"publish","type":"page","link":"https:\/\/www.catarinacorreiamartinsosteopata.pt\/?page_id=7","title":{"rendered":"Osteopatia"},"content":{"rendered":"\t\t<div data-elementor-type=\"wp-page\" data-elementor-id=\"7\" class=\"elementor elementor-7\">\n\t\t\t\t\t\t<section class=\"elementor-section elementor-top-section elementor-element elementor-element-df7493e elementor-section-boxed elementor-section-height-default elementor-section-height-default\" data-id=\"df7493e\" data-element_type=\"section\">\n\t\t\t\t\t\t<div class=\"elementor-container elementor-column-gap-default\">\n\t\t\t\t\t<div class=\"elementor-column elementor-col-100 elementor-top-column elementor-element elementor-element-e9b502b\" data-id=\"e9b502b\" data-element_type=\"column\">\n\t\t\t<div class=\"elementor-widget-wrap elementor-element-populated\">\n\t\t\t\t\t\t<div class=\"elementor-element elementor-element-a06ff97 elementor-widget elementor-widget-text-editor\" data-id=\"a06ff97\" data-element_type=\"widget\" data-widget_type=\"text-editor.default\">\n\t\t\t\t<div class=\"elementor-widget-container\">\n\t\t\t\t\t\t\t\t\t<p>A Osteopatia foi fundada no final do s\u00e9culo XIX pelo Cirurgi\u00e3o Americano Andrew Taylor Still, ap\u00f3s considerar a Medicina Convencional limitada.<\/p><p>Progressivamente, a Medicina Osteop\u00e1tica foi ganhando import\u00e2ncia nos E.U.A e no Reino Unido, tendo sido reconhecida oficialmente em 1940 pela American Medical Association e em 1993 pelo Parlamento Ingl\u00eas.<\/p><p>A Osteopatia \u00e9 uma Medicina Complementar com grande aceita\u00e7\u00e3o no estrangeiro, sendo os seus tratamentos comparticipados pelos respectivos Sistemas Nacionais de Sa\u00fade.<\/p>\t\t\t\t\t\t\t\t<\/div>\n\t\t\t\t<\/div>\n\t\t\t\t\t<\/div>\n\t\t<\/div>\n\t\t\t\t\t<\/div>\n\t\t<\/section>\n\t\t\t\t<\/div>\n\t\t","protected":false},"excerpt":{"rendered":"<p>A Osteopatia foi fundada no final do s\u00e9culo XIX pelo Cirurgi\u00e3o Americano Andrew Taylor Still, ap\u00f3s considerar a Medicina Convencional limitada. Progressivamente, a Medicina Osteop\u00e1tica foi ganhando import\u00e2ncia nos E.U.A e no Reino Unido, tendo sido reconhecida oficialmente em 1940 pela American Medical Association e em 1993 pelo Parlamento Ingl\u00eas. A Osteopatia \u00e9 uma Medicina [&hellip;]<\/p>\n","protected":false},"author":1,"featured_media":45,"parent":0,"menu_order":0,"comment_status":"closed","ping_status":"closed","template":"","meta":{"footnotes":""},"_links":{"self":[{"href":"https:\/\/www.catarinacorreiamartinsosteopata.pt\/index.php?rest_route=\/wp\/v2\/pages\/7"}],"collection":[{"href":"https:\/\/www.catarinacorreiamartinsosteopata.pt\/index.php?rest_route=\/wp\/v2\/pages"}],"about":[{"href":"https:\/\/www.catarinacorreiamartinsosteopata.pt\/index.php?rest_route=\/wp\/v2\/types\/page"}],"author":[{"embeddable":true,"href":"https:\/\/www.catarinacorreiamartinsosteopata.pt\/index.php?rest_route=\/wp\/v2\/users\/1"}],"replies":[{"embeddable":true,"href":"https:\/\/www.catarinacorreiamartinsosteopata.pt\/index.php?rest_route=%2Fwp%2Fv2%2Fcomments&post=7"}],"version-history":[{"count":12,"href":"https:\/\/www.catarinacorreiamartinsosteopata.pt\/index.php?rest_route=\/wp\/v2\/pages\/7\/revisions"}],"predecessor-version":[{"id":415,"href":"https:\/\/www.catarinacorreiamartinsosteopata.pt\/index.php?rest_route=\/wp\/v2\/pages\/7\/revisions\/415"}],"wp:featuredmedia":[{"embeddable":true,"href":"https:\/\/www.catarinacorreiamartinsosteopata.pt\/index.php?rest_route=\/wp\/v2\/media\/45"}],"wp:attachment":[{"href":"https:\/\/www.catarinacorreiamartinsosteopata.pt\/index.php?rest_route=%2Fwp%2Fv2%2Fmedia&parent=7"}],"curies":[{"name":"wp","href":"https:\/\/api.w.org\/{rel}","templated":true}]}}